{"id":3074,"date":"2023-09-29T20:17:13","date_gmt":"2023-09-30T00:17:13","guid":{"rendered":"https:\/\/lescourtiershypothecaires.ca\/avertissement\/"},"modified":"2023-09-29T20:17:13","modified_gmt":"2023-09-30T00:17:13","slug":"avertissement","status":"publish","type":"page","link":"https:\/\/lescourtiershypothecaires.ca\/en\/avertissement\/","title":{"rendered":"Avertissement"},"content":{"rendered":"<p>[vc_row][vc_column][vc_column_text][cmplz-document type=&#8221;disclaimer&#8221; region=&#8221;all&#8221;][\/vc_column_text][\/vc_column][\/vc_row][vc_row][vc_column][\/vc_column][\/vc_row]<\/p>\n","protected":false},"excerpt":{"rendered":"<p>[vc_row][vc_column][vc_column_text][cmplz-document type=&#8221;disclaimer&#8221; region=&#8221;all&#8221;][\/vc_column_text][\/vc_column][\/vc_row][vc_row][vc_column][\/vc_column][\/vc_row]<\/p>\n","protected":false},"author":1,"featured_media":0,"parent":0,"menu_order":0,"comment_status":"closed","ping_status":"closed","template":"","meta":{"footnotes":""},"class_list":["post-3074","page","type-page","status-publish","hentry"],"yoast_head":"<!-- This site is optimized with the Yoast SEO plugin v27.3 - https:\/\/yoast.com\/product\/yoast-seo-wordpress\/ -->\n<title>Avertissement - Equipe Prospero | Courtiers hypoth\u00e9caires<\/title>\n<meta name=\"robots\" content=\"index, follow, max-snippet:-1, max-image-preview:large, max-video-preview:-1\" \/>\n<link rel=\"canonical\" href=\"https:\/\/lescourtiershypothecaires.ca\/en\/avertissement\/\" \/>\n<meta property=\"og:locale\" content=\"en_US\" \/>\n<meta property=\"og:type\" content=\"article\" \/>\n<meta property=\"og:title\" content=\"Avertissement - Equipe Prospero | Courtiers hypoth\u00e9caires\" \/>\n<meta property=\"og:description\" content=\"[vc_row][vc_column][vc_column_text][cmplz-document type=&#8221;disclaimer&#8221; region=&#8221;all&#8221;][\/vc_column_text][\/vc_column][\/vc_row][vc_row][vc_column][\/vc_column][\/vc_row]\" \/>\n<meta property=\"og:url\" content=\"https:\/\/lescourtiershypothecaires.ca\/en\/avertissement\/\" \/>\n<meta property=\"og:site_name\" content=\"Equipe Prospero | Courtiers hypoth\u00e9caires\" \/>\n<meta property=\"article:publisher\" content=\"https:\/\/www.facebook.com\/specialistefinancementhypothecaire\" \/>\n<meta name=\"twitter:card\" content=\"summary_large_image\" \/>\n<meta name=\"twitter:label1\" content=\"Est. reading time\" \/>\n\t<meta name=\"twitter:data1\" content=\"1 minute\" \/>\n<script type=\"application\/ld+json\" class=\"yoast-schema-graph\">{\"@context\":\"https:\\\/\\\/schema.org\",\"@graph\":[{\"@type\":\"WebPage\",\"@id\":\"https:\\\/\\\/lescourtiershypothecaires.ca\\\/en\\\/avertissement\\\/\",\"url\":\"https:\\\/\\\/lescourtiershypothecaires.ca\\\/en\\\/avertissement\\\/\",\"name\":\"Avertissement - Equipe Prospero | Courtiers hypoth\u00e9caires\",\"isPartOf\":{\"@id\":\"https:\\\/\\\/lescourtiershypothecaires.ca\\\/en\\\/#website\"},\"datePublished\":\"2023-09-30T00:17:13+00:00\",\"breadcrumb\":{\"@id\":\"https:\\\/\\\/lescourtiershypothecaires.ca\\\/en\\\/avertissement\\\/#breadcrumb\"},\"inLanguage\":\"en-US\",\"potentialAction\":[{\"@type\":\"ReadAction\",\"target\":[\"https:\\\/\\\/lescourtiershypothecaires.ca\\\/en\\\/avertissement\\\/\"]}]},{\"@type\":\"BreadcrumbList\",\"@id\":\"https:\\\/\\\/lescourtiershypothecaires.ca\\\/en\\\/avertissement\\\/#breadcrumb\",\"itemListElement\":[{\"@type\":\"ListItem\",\"position\":1,\"name\":\"Accueil\",\"item\":\"https:\\\/\\\/lescourtiershypothecaires.ca\\\/en\\\/\"},{\"@type\":\"ListItem\",\"position\":2,\"name\":\"Avertissement\"}]},{\"@type\":\"WebSite\",\"@id\":\"https:\\\/\\\/lescourtiershypothecaires.ca\\\/en\\\/#website\",\"url\":\"https:\\\/\\\/lescourtiershypothecaires.ca\\\/en\\\/\",\"name\":\"Equipe Prospero | Courtiers hypoth\u00e9caires\",\"description\":\"Notre \u00e9quipe compte plus de 20 courtiers hypoth\u00e9caire Multi-Pr\u00eats dans les r\u00e9gions de Montr\u00e9al, Lanaudi\u00e8re, Laurentides et la rive sud de Montr\u00e9al.\",\"potentialAction\":[{\"@type\":\"SearchAction\",\"target\":{\"@type\":\"EntryPoint\",\"urlTemplate\":\"https:\\\/\\\/lescourtiershypothecaires.ca\\\/en\\\/?s={search_term_string}\"},\"query-input\":{\"@type\":\"PropertyValueSpecification\",\"valueRequired\":true,\"valueName\":\"search_term_string\"}}],\"inLanguage\":\"en-US\"}]}<\/script>\n<!-- \/ Yoast SEO plugin. -->","yoast_head_json":{"title":"Avertissement - Equipe Prospero | Courtiers hypoth\u00e9caires","robots":{"index":"index","follow":"follow","max-snippet":"max-snippet:-1","max-image-preview":"max-image-preview:large","max-video-preview":"max-video-preview:-1"},"canonical":"https:\/\/lescourtiershypothecaires.ca\/en\/avertissement\/","og_locale":"en_US","og_type":"article","og_title":"Avertissement - Equipe Prospero | Courtiers hypoth\u00e9caires","og_description":"[vc_row][vc_column][vc_column_text][cmplz-document type=&#8221;disclaimer&#8221; region=&#8221;all&#8221;][\/vc_column_text][\/vc_column][\/vc_row][vc_row][vc_column][\/vc_column][\/vc_row]","og_url":"https:\/\/lescourtiershypothecaires.ca\/en\/avertissement\/","og_site_name":"Equipe Prospero | Courtiers hypoth\u00e9caires","article_publisher":"https:\/\/www.facebook.com\/specialistefinancementhypothecaire","twitter_card":"summary_large_image","twitter_misc":{"Est. reading time":"1 minute"},"schema":{"@context":"https:\/\/schema.org","@graph":[{"@type":"WebPage","@id":"https:\/\/lescourtiershypothecaires.ca\/en\/avertissement\/","url":"https:\/\/lescourtiershypothecaires.ca\/en\/avertissement\/","name":"Avertissement - Equipe Prospero | Courtiers hypoth\u00e9caires","isPartOf":{"@id":"https:\/\/lescourtiershypothecaires.ca\/en\/#website"},"datePublished":"2023-09-30T00:17:13+00:00","breadcrumb":{"@id":"https:\/\/lescourtiershypothecaires.ca\/en\/avertissement\/#breadcrumb"},"inLanguage":"en-US","potentialAction":[{"@type":"ReadAction","target":["https:\/\/lescourtiershypothecaires.ca\/en\/avertissement\/"]}]},{"@type":"BreadcrumbList","@id":"https:\/\/lescourtiershypothecaires.ca\/en\/avertissement\/#breadcrumb","itemListElement":[{"@type":"ListItem","position":1,"name":"Accueil","item":"https:\/\/lescourtiershypothecaires.ca\/en\/"},{"@type":"ListItem","position":2,"name":"Avertissement"}]},{"@type":"WebSite","@id":"https:\/\/lescourtiershypothecaires.ca\/en\/#website","url":"https:\/\/lescourtiershypothecaires.ca\/en\/","name":"Equipe Prospero | Courtiers hypoth\u00e9caires","description":"Notre \u00e9quipe compte plus de 20 courtiers hypoth\u00e9caire Multi-Pr\u00eats dans les r\u00e9gions de Montr\u00e9al, Lanaudi\u00e8re, Laurentides et la rive sud de Montr\u00e9al.","potentialAction":[{"@type":"SearchAction","target":{"@type":"EntryPoint","urlTemplate":"https:\/\/lescourtiershypothecaires.ca\/en\/?s={search_term_string}"},"query-input":{"@type":"PropertyValueSpecification","valueRequired":true,"valueName":"search_term_string"}}],"inLanguage":"en-US"}]}},"_links":{"self":[{"href":"https:\/\/lescourtiershypothecaires.ca\/en\/wp-json\/wp\/v2\/pages\/3074","targetHints":{"allow":["GET"]}}],"collection":[{"href":"https:\/\/lescourtiershypothecaires.ca\/en\/wp-json\/wp\/v2\/pages"}],"about":[{"href":"https:\/\/lescourtiershypothecaires.ca\/en\/wp-json\/wp\/v2\/types\/page"}],"author":[{"embeddable":true,"href":"https:\/\/lescourtiershypothecaires.ca\/en\/wp-json\/wp\/v2\/users\/1"}],"replies":[{"embeddable":true,"href":"https:\/\/lescourtiershypothecaires.ca\/en\/wp-json\/wp\/v2\/comments?post=3074"}],"version-history":[{"count":0,"href":"https:\/\/lescourtiershypothecaires.ca\/en\/wp-json\/wp\/v2\/pages\/3074\/revisions"}],"wp:attachment":[{"href":"https:\/\/lescourtiershypothecaires.ca\/en\/wp-json\/wp\/v2\/media?parent=3074"}],"curies":[{"name":"wp","href":"https:\/\/api.w.org\/{rel}","templated":true}]}}