{"id":2377,"date":"2022-08-08T18:16:58","date_gmt":"2022-08-08T22:16:58","guid":{"rendered":"https:\/\/lescourtiershypothecaires.ca\/renouvellement-hypothecaire\/"},"modified":"2023-09-08T18:43:09","modified_gmt":"2023-09-08T22:43:09","slug":"mortgage-renewal","status":"publish","type":"page","link":"https:\/\/lescourtiershypothecaires.ca\/en\/mortgage-renewal\/","title":{"rendered":"Mortgage Renewal"},"content":{"rendered":"<p>[vc_row parallax=&#8221;enable_parallax&#8221; enable_content_animation=&#8221;yes&#8221; ca_init_scale_x=&#8221;1&#8243; ca_init_scale_y=&#8221;1&#8243; ca_init_opacity=&#8221;0&#8243; ca_an_scale_x=&#8221;1&#8243; ca_an_scale_y=&#8221;1&#8243; ca_an_opacity=&#8221;1&#8243; bg_position=&#8221;custom&#8221; enable_overlay=&#8221;yes&#8221; css=&#8221;.vc_custom_1664220033650{padding-bottom: 150px !important;background-color: #111214 !important;background-position: center;background-repeat: no-repeat;background-size:cover;}&#8221; responsive_css=&#8221;padding_top_large:150px|padding_bottom_large:150px|padding_right_medium:7%25|padding_bottom_medium:15vw|padding_left_medium:7%25&#8243; ca_duration=&#8221;1600&#8243; ca_start_delay=&#8221;850&#8243; ca_delay=&#8221;160&#8243; ca_init_translate_y=&#8221;25&#8243; bg_pos_h=&#8221;80%&#8221; bg_pos_v=&#8221;50%&#8221; overlay_bg=&#8221;rgba(0, 0, 0, 0.59)&#8221;][vc_column]<style>.ld_fancy_heading_69d77b8c4cfd7 h1{color:rgb(255, 255, 255);}.ld_fancy_heading_69d77b8c4cfd7 h1 {padding-top:100px !important;  } .ld_fancy_heading_69d77b8c4cfd7 .lqd-highlight-inner{height:0.275em!important;bottom:0px!important;background:#b8952c!important;}.ld_fancy_heading_69d77b8c4cfd7 h1 {padding-top:100px !important;  } <\/style><div class=\"ld-fancy-heading text-center ld_fancy_heading_69d77b8c4cfd7\">\n\t<h1 class=\"ld-fh-element lqd-highlight-underline lqd-highlight-grow-left text-decoration-default lqd-split-lines h1\"   data-split-text=\"true\" data-split-options='{\"type\":\"lines\"}'>  Mortgage Renewal<\/h1><\/div><style>.ld_fancy_heading_69d77b8c4d8d1 p{color:rgb(255, 255, 255);}.ld_fancy_heading_69d77b8c4d8d1 p {font-size:17px; } .ld_fancy_heading_69d77b8c4d8d1 p {line-height:28px; } .ld_fancy_heading_69d77b8c4d8d1 p {--element-line-height:28px; } .ld_fancy_heading_69d77b8c4d8d1 .lqd-highlight-inner{height:0.275em!important;bottom:0px!important;background:#b8952c!important;}.ld_fancy_heading_69d77b8c4d8d1 p {font-size:17px; } .ld_fancy_heading_69d77b8c4d8d1 p {line-height:28px; } .ld_fancy_heading_69d77b8c4d8d1 p {--element-line-height:28px; } <\/style><div class=\"ld-fancy-heading text-center ld_fancy_heading_69d77b8c4d8d1\">\n\t<p class=\"ld-fh-element lqd-highlight-underline lqd-highlight-grow-left text-decoration-default lqd-split-words\"  data-inview=\"true\" data-transition-delay=\"true\" data-delay-options=\"{&quot;elements&quot;:&quot;.lqd-highlight-inner&quot;,&quot;delayType&quot;:&quot;transition&quot;}\"  data-split-text=\"true\" data-split-options='{\"type\":\"words\"}' data-custom-animations=\"true\" data-ca-options='{\"triggerHandler\":\"inview\",\"animationTarget\":\".lqd-words > .split-inner\",\"duration\":\"1500\",\"startDelay\":\"100\",\"delay\":\"40\",\"ease\":\"bounce.inOut\",\"direction\":\"random\",\"initValues\":{\"opacity\":0},\"animations\":{\"opacity\":1}}'>  Thank you for answering these questions to better understand your needs and to offer you <mark class=\"lqd-highlight\"><span class=\"lqd-highlight-txt\"  >the best mortgage on the market.<\/span><span class=\"lqd-highlight-inner\"><svg class=\"lqd-highlight-brush-svg\" xmlns=\"http:\/\/www.w3.org\/2000\/svg\" width=\"235.509\" height=\"13.504\" viewBox=\"0 0 235.509 13.504\" aria-hidden=\"true\" preserveAspectRatio=\"none\"><path d=\"M163,.383a13.044,13.044,0,0,1,1.517-.072,3.528,3.528,0,0,1,1.237-.134q.618.044,1.237.044a.249.249,0,0,1-.1.178.337.337,0,0,0-.1.266q3.092.088,6.184-.044T178.953.4l-.206-.088a12,12,0,0,0,4.123,0,13.467,13.467,0,0,1,5.772,0q1.443-.178,2.68-.266A5.978,5.978,0,0,1,193.8.4,16.707,16.707,0,0,1,198.01.045q2.164.088,4.844.088-.618.088-.824.134L201.412.4a3.893,3.893,0,0,0,2.061,0,5.413,5.413,0,0,1,1.649-.356q.618.088,1.134.178a9.762,9.762,0,0,0,1.544.09,17,17,0,0,1,3.092-.266q1.649,0,3.5.178,2.886.088,5.875.044t5.875-.222q0,.088.206.088h.412a21.975,21.975,0,0,0,2.577.889A12.458,12.458,0,0,1,232.12,2.18a3.962,3.962,0,0,1,1.031.622A3.349,3.349,0,0,1,234.8,3.825a5.079,5.079,0,0,1,.618,1.111q.412.534-1.031.98-1.031.444-.618.98a2.09,2.09,0,0,1,.206.889q0,.444.825.889.618.8-.206,1.245l-1.237.534q-1.443-.088-2.68-.134a17.255,17.255,0,0,1-2.267-.222,3.128,3.128,0,0,0-.928-.044,3.129,3.129,0,0,1-.928-.044q-2.267-.178-4.432-.266T217.7,9.476q-1.649-.088-2.886-.088a17.343,17.343,0,0,1-2.474-.178q-3.916,0-7.73-.088t-7.73-.266l-12.471-.178q-6.287-.088-12.883-.088h-1.958q-.928,0-1.958.088h-2.061q-1.031,0-2.061-.088-2.68-.088-5.256-.134t-5.256.044h-5.462q-2.577,0-5.462.088-4.535.088-8.76.178t-8.554.088q-2.886.088-5.875.088t-5.875.088q-1.443.088-2.886.134t-3.092.044q-4.741.178-9.791.312t-9.791.312q-2.267.088-4.329.088T78.77,10.1q-4.329.266-8.863.49t-9.276.49q-1.237.088-2.68.134a24.356,24.356,0,0,0-2.683.224q-2.68.178-5.462.312t-5.668.4q-2.474.266-4.741.312t-4.741.044q-1.031-.088-1.958-.134a9.684,9.684,0,0,1-1.958-.312,12.5,12.5,0,0,0-1.443-.312q-.825-.134-1.856-.31-2.886.356-6.39.666t-6.8.845a26.709,26.709,0,0,1-2.886.356,20.758,20.758,0,0,1-9.482-.889Q.232,11.962.026,11.25T1.263,9.917q0-.266.825-.266a13.039,13.039,0,0,0,2.886-.444A17.187,17.187,0,0,1,7.86,8.672q3.092-.266,6.184-.8,1.649-.178,3.3-.312t3.5-.312q4.123-.354,8.039-.712t8.039-.622q9.478-.8,18.758-1.338,2.68-.178,5.153-.356t4.741-.356q2.474-.178,5.05-.356T75.88,3.24h1.34a4.829,4.829,0,0,0,1.34-.178q2.267-.178,4.329-.222t4.329-.134a7.256,7.256,0,0,1,2.267,0,3.459,3.459,0,0,0,1.031-.088,6.009,6.009,0,0,1,2.37-.266,14.745,14.745,0,0,0,2.783-.088q1.649,0,2.474.088a1.308,1.308,0,0,1,.185.011,1.226,1.226,0,0,1,.33-.1,3.656,3.656,0,0,0,.515-.088,4.433,4.433,0,0,1,2.886.266q.412-.088,1.031-.178l1.237-.178q.412,0,1.031.044a5.761,5.761,0,0,0,1.237-.044q2.886-.088,5.772-.044a53.829,53.829,0,0,0,5.772-.222,9.505,9.505,0,0,1,1.34-.088h1.34a4.428,4.428,0,0,1,.821-.258l.825-.178a15.178,15.178,0,0,1,1.855.444,3.028,3.028,0,0,1,1.031-.534,4.039,4.039,0,0,1,1.443-.178,6.158,6.158,0,0,1,1.649.178,5.05,5.05,0,0,0,2.267.268q1.855-.088,3.813-.134T138.13,1.2q1.031,0,2.164-.044t2.37-.044q-.206-.088.412-.534h3.092q.412,0,.309.266t.928,0a5.845,5.845,0,0,1,1.443,0,31.833,31.833,0,0,0,5.359.088,21.471,21.471,0,0,1,6.8.178,5.236,5.236,0,0,0,1.031-.4q.412-.222.825-.4a.694.694,0,0,1,.137.07Z\" transform=\"translate(0 0.002)\"\/><\/svg><\/span><\/mark><\/p><\/div>[\/vc_column][vc_column css=&#8221;.vc_custom_1608189980216{padding-top: 17px !important;}&#8221;][vc_separator color=&#8221;custom&#8221; accent_color=&#8221;rgba(255,255,255,0.23)&#8221;][\/vc_column][\/vc_row][vc_row][vc_column][vc_column_text][\/vc_column_text][\/vc_column][\/vc_row][vc_row responsive_css=&#8221;padding_top_large:100px|padding_bottom_large:50px&#8221; css=&#8221;.vc_custom_1664220166376{padding-top: 50px !important;}&#8221;][vc_column][vc_raw_html]JTNDZGl2JTIwaWQlM0QlMjJwdXJjaGFzZV9mb3JtJTIyJTNFJTNDJTJGZGl2JTNFJTBBJTNDc2NyaXB0JTNFJTBBalF1ZXJ5JTI4ZG9jdW1lbnQlMjkucmVhZHklMjhmdW5jdGlvbiUyOCUyNCUyOSUyMCU3QiUwQSUwOWpRdWVyeSUyOCUyMiUyM3B1cmNoYXNlX2Zvcm0lMjIlMjkuJTIwcmVuZXdhbF9mb3JtJTI4JTI3ZW4lMjclMkMlMjAlMjd2ZXJzaW9uJTNEcGVycmVhdWx0JTI3JTI5JTNCJTBBJTdEJTI5JTNCJTBBJTNDJTJGc2NyaXB0JTNF[\/vc_raw_html][\/vc_column][\/vc_row][vc_row enable_content_animation=&#8221;yes&#8221; ca_init_scale_x=&#8221;0.85&#8243; ca_init_scale_y=&#8221;0.85&#8243; ca_init_opacity=&#8221;0&#8243; ca_an_scale_x=&#8221;1&#8243; ca_an_scale_y=&#8221;1&#8243; ca_an_opacity=&#8221;1&#8243; css=&#8221;.vc_custom_1664300467465{padding-bottom: 100px !important;}&#8221; ca_duration=&#8221;1800&#8243; ca_delay=&#8221;180&#8243; ca_init_translate_y=&#8221;65&#8243; ca_init_rotate_x=&#8221;-35&#8243;][vc_column enable_column_shadowbox=&#8221;yes&#8221; responsive_css=&#8221;padding_right_medium:90px|padding_left_medium:90px&#8221; css=&#8221;.vc_custom_1664300443405{margin-bottom: -100px !important;padding-top: 55px !important;padding-right: 15px !important;padding-bottom: 55px !important;padding-left: 15px !important;border-radius: 10px !important;}&#8221; column_box_shadow=&#8221;%5B%7B%22x_offset%22%3A%220%22%2C%22y_offset%22%3A%2215px%22%2C%22blur_radius%22%3A%2250px%22%2C%22shadow_color%22%3A%22rgba(0%2C%200%2C%200%2C%200.19)%22%7D%5D&#8221; responsive_align=&#8221;text-center text-md-left&#8221;][vc_row_inner content_placement=&#8221;middle&#8221;][vc_column_inner width=&#8221;1\/3&#8243; align=&#8221;text-center&#8221; responsive_align=&#8221;text-md-left&#8221;]<style>.ld_fancy_heading_69d77b8c4e1c5 h2 {font-size:30px; } @media (min-width: 992px) { .ld_fancy_heading_69d77b8c4e1c5 h2 {margin-bottom:0px !important;  }  } .ld_fancy_heading_69d77b8c4e1c5 .lqd-highlight-inner{height:0.275em!important;bottom:0px!important;}.ld_fancy_heading_69d77b8c4e1c5 h2 {font-size:30px; } @media (min-width: 992px) { .ld_fancy_heading_69d77b8c4e1c5 h2 {margin-bottom:0px !important;  }  } <\/style><div class=\"ld-fancy-heading ld_fancy_heading_69d77b8c4e1c5\">\n\t<h2 class=\"ld-fh-element lqd-highlight-underline lqd-highlight-grow-left text-decoration-default\"   >  Talk to an expert!<\/h2><\/div>[\/vc_column_inner][vc_column_inner width=&#8221;2\/3&#8243; align=&#8221;text-center&#8221; responsive_align=&#8221;text-md-right&#8221;]<style>.ld_button_69d77b8c4e525.btn-icon-solid .btn-icon{background:rgb(0, 0, 0);}.ld_button_69d77b8c4e525.btn-icon-circle.btn-icon-ripple .btn-icon:before{border-color:rgb(0, 0, 0);}.ld_button_69d77b8c4e525.btn-icon-solid:hover .btn-icon{background:rgb(255, 255, 255);}.ld_button_69d77b8c4e525{background-color:rgb(0, 0, 0);border-color:rgb(0, 0, 0);color:rgb(255, 255, 255);}.ld_button_69d77b8c4e525:hover{background-color:rgb(255, 255, 255);border-color:rgb(255, 255, 255);color:rgb(0, 0, 0);}.ld_button_69d77b8c4e525 .btn-gradient-bg-hover{background:-webkit-linear-gradient(to right, rgb(255, 255, 255) 0%, rgb(255, 255, 255) 100%);background:linear-gradient(to right, rgb(255, 255, 255) 0%, rgb(255, 255, 255) 100%);}.ld_button_69d77b8c4e525 .btn-gradient-border defs stop:first-child{stop-color:rgb(0, 0, 0);}.ld_button_69d77b8c4e525 .btn-gradient-border defs stop:last-child{stop-color:rgb(0, 0, 0);}.ld_button_69d77b8c4e525:hover .btn-gradient-border defs stop:first-child{stop-color:rgb(255, 255, 255);}.ld_button_69d77b8c4e525:hover .btn-gradient-border defs stop:last-child{stop-color:rgb(255, 255, 255);}.ld_button_69d77b8c4e525 {font-size:30px; } .ld_button_69d77b8c4e525 {font-size:30px; } .ld_button_69d77b8c4e525 {font-size:30px; } <\/style><a href=\"tel:5149947873\" class=\"btn btn-solid btn-xlg round border-thin btn-block btn-icon-left btn-hover-swp btn-has-label ld_button_69d77b8c4e525\" >\n\t<span>\n\t\n\t\t\t\t\t<span class=\"btn-txt\" data-text=\"(514) 994-7873\" >(514) 994-7873<\/span>\n\t\t\n\t<span class=\"btn-icon\"><i class=\"fas fa-phone-volume\"><\/i><\/span>\t<span class=\"btn-icon\"><i class=\"fas fa-phone-volume\"><\/i><\/span>\t\t\t<\/span>\n<\/a>\n[\/vc_column_inner][\/vc_row_inner][\/vc_column][\/vc_row]<\/p>\n","protected":false},"excerpt":{"rendered":"<p>[vc_row parallax=&#8221;enable_parallax&#8221; enable_content_animation=&#8221;yes&#8221; ca_init_scale_x=&#8221;1&#8243; ca_init_scale_y=&#8221;1&#8243; ca_init_opacity=&#8221;0&#8243; ca_an_scale_x=&#8221;1&#8243; ca_an_scale_y=&#8221;1&#8243; ca_an_opacity=&#8221;1&#8243; bg_position=&#8221;custom&#8221; enable_overlay=&#8221;yes&#8221; css=&#8221;.vc_custom_1664220033650{padding-bottom: 150px !important;background-color: #111214 !important;background-position: center;background-repeat: no-repeat;background-size:cover;}&#8221; responsive_css=&#8221;padding_top_large:150px|padding_bottom_large:150px|padding_right_medium:7%25|padding_bottom_medium:15vw|padding_left_medium:7%25&#8243; ca_duration=&#8221;1600&#8243; ca_start_delay=&#8221;850&#8243; ca_delay=&#8221;160&#8243; ca_init_translate_y=&#8221;25&#8243; bg_pos_h=&#8221;80%&#8221; bg_pos_v=&#8221;50%&#8221; overlay_bg=&#8221;rgba(0, 0, 0, 0.59)&#8221;][vc_column][\/vc_column][vc_column css=&#8221;.vc_custom_1608189980216{padding-top: 17px !important;}&#8221;][vc_separator color=&#8221;custom&#8221; accent_color=&#8221;rgba(255,255,255,0.23)&#8221;][\/vc_column][\/vc_row][vc_row][vc_column][vc_column_text][\/vc_column_text][\/vc_column][\/vc_row][vc_row responsive_css=&#8221;padding_top_large:100px|padding_bottom_large:50px&#8221; css=&#8221;.vc_custom_1664220166376{padding-top: 50px !important;}&#8221;][vc_column][vc_raw_html]JTNDZGl2JTIwaWQlM0QlMjJwdXJjaGFzZV9mb3JtJTIyJTNFJTNDJTJGZGl2JTNFJTBBJTNDc2NyaXB0JTNFJTBBalF1ZXJ5JTI4ZG9jdW1lbnQlMjkucmVhZHklMjhmdW5jdGlvbiUyOCUyNCUyOSUyMCU3QiUwQSUwOWpRdWVyeSUyOCUyMiUyM3B1cmNoYXNlX2Zvcm0lMjIlMjkuJTIwcmVuZXdhbF9mb3JtJTI4JTI3ZW4lMjclMkMlMjAlMjd2ZXJzaW9uJTNEcGVycmVhdWx0JTI3JTI5JTNCJTBBJTdEJTI5JTNCJTBBJTNDJTJGc2NyaXB0JTNF[\/vc_raw_html][\/vc_column][\/vc_row][vc_row enable_content_animation=&#8221;yes&#8221; ca_init_scale_x=&#8221;0.85&#8243; ca_init_scale_y=&#8221;0.85&#8243; ca_init_opacity=&#8221;0&#8243; ca_an_scale_x=&#8221;1&#8243; ca_an_scale_y=&#8221;1&#8243; ca_an_opacity=&#8221;1&#8243; css=&#8221;.vc_custom_1664300467465{padding-bottom: 100px !important;}&#8221; ca_duration=&#8221;1800&#8243; ca_delay=&#8221;180&#8243; ca_init_translate_y=&#8221;65&#8243; ca_init_rotate_x=&#8221;-35&#8243;][vc_column enable_column_shadowbox=&#8221;yes&#8221; responsive_css=&#8221;padding_right_medium:90px|padding_left_medium:90px&#8221; css=&#8221;.vc_custom_1664300443405{margin-bottom: [&hellip;]<\/p>\n","protected":false},"author":1,"featured_media":0,"parent":0,"menu_order":0,"comment_status":"closed","ping_status":"closed","template":"","meta":{"footnotes":""},"class_list":["post-2377","page","type-page","status-publish","hentry"],"yoast_head":"<!-- This site is optimized with the Yoast SEO plugin v27.3 - https:\/\/yoast.com\/product\/yoast-seo-wordpress\/ -->\n<title>Notre Service de Renouvellement Hypoth\u00e9caire<\/title>\n<meta name=\"description\" content=\"D\u00e9couvrez comment un renouvellement d&#039;hypoth\u00e8que avec l&#039;\u00e9quipe de courtier hypoth\u00e9caires Distinction\" \/>\n<meta name=\"robots\" content=\"index, follow, max-snippet:-1, max-image-preview:large, max-video-preview:-1\" \/>\n<link rel=\"canonical\" href=\"https:\/\/lescourtiershypothecaires.ca\/en\/mortgage-renewal\/\" \/>\n<meta property=\"og:locale\" content=\"en_US\" \/>\n<meta property=\"og:type\" content=\"article\" \/>\n<meta property=\"og:title\" content=\"Notre Service de Renouvellement Hypoth\u00e9caire\" \/>\n<meta property=\"og:description\" content=\"D\u00e9couvrez comment un renouvellement d&#039;hypoth\u00e8que avec l&#039;\u00e9quipe de courtier hypoth\u00e9caires Distinction\" \/>\n<meta property=\"og:url\" content=\"https:\/\/lescourtiershypothecaires.ca\/en\/mortgage-renewal\/\" \/>\n<meta property=\"og:site_name\" content=\"Equipe Prospero | Courtiers hypoth\u00e9caires\" \/>\n<meta property=\"article:publisher\" content=\"https:\/\/www.facebook.com\/specialistefinancementhypothecaire\" \/>\n<meta property=\"article:modified_time\" content=\"2023-09-08T22:43:09+00:00\" \/>\n<meta name=\"twitter:card\" content=\"summary_large_image\" \/>\n<meta name=\"twitter:label1\" content=\"Est. reading time\" \/>\n\t<meta name=\"twitter:data1\" content=\"1 minute\" \/>\n<script type=\"application\/ld+json\" class=\"yoast-schema-graph\">{\"@context\":\"https:\\\/\\\/schema.org\",\"@graph\":[{\"@type\":\"WebPage\",\"@id\":\"https:\\\/\\\/lescourtiershypothecaires.ca\\\/en\\\/mortgage-renewal\\\/\",\"url\":\"https:\\\/\\\/lescourtiershypothecaires.ca\\\/en\\\/mortgage-renewal\\\/\",\"name\":\"Notre Service de Renouvellement Hypoth\u00e9caire\",\"isPartOf\":{\"@id\":\"https:\\\/\\\/lescourtiershypothecaires.ca\\\/en\\\/#website\"},\"datePublished\":\"2022-08-08T22:16:58+00:00\",\"dateModified\":\"2023-09-08T22:43:09+00:00\",\"description\":\"D\u00e9couvrez comment un renouvellement d'hypoth\u00e8que avec l'\u00e9quipe de courtier hypoth\u00e9caires Distinction\",\"breadcrumb\":{\"@id\":\"https:\\\/\\\/lescourtiershypothecaires.ca\\\/en\\\/mortgage-renewal\\\/#breadcrumb\"},\"inLanguage\":\"en-US\",\"potentialAction\":[{\"@type\":\"ReadAction\",\"target\":[\"https:\\\/\\\/lescourtiershypothecaires.ca\\\/en\\\/mortgage-renewal\\\/\"]}]},{\"@type\":\"BreadcrumbList\",\"@id\":\"https:\\\/\\\/lescourtiershypothecaires.ca\\\/en\\\/mortgage-renewal\\\/#breadcrumb\",\"itemListElement\":[{\"@type\":\"ListItem\",\"position\":1,\"name\":\"Accueil\",\"item\":\"https:\\\/\\\/lescourtiershypothecaires.ca\\\/en\\\/\"},{\"@type\":\"ListItem\",\"position\":2,\"name\":\"Mortgage Renewal\"}]},{\"@type\":\"WebSite\",\"@id\":\"https:\\\/\\\/lescourtiershypothecaires.ca\\\/en\\\/#website\",\"url\":\"https:\\\/\\\/lescourtiershypothecaires.ca\\\/en\\\/\",\"name\":\"Equipe Prospero | Courtiers hypoth\u00e9caires\",\"description\":\"Notre \u00e9quipe compte plus de 20 courtiers hypoth\u00e9caire Multi-Pr\u00eats dans les r\u00e9gions de Montr\u00e9al, Lanaudi\u00e8re, Laurentides et la rive sud de Montr\u00e9al.\",\"potentialAction\":[{\"@type\":\"SearchAction\",\"target\":{\"@type\":\"EntryPoint\",\"urlTemplate\":\"https:\\\/\\\/lescourtiershypothecaires.ca\\\/en\\\/?s={search_term_string}\"},\"query-input\":{\"@type\":\"PropertyValueSpecification\",\"valueRequired\":true,\"valueName\":\"search_term_string\"}}],\"inLanguage\":\"en-US\"}]}<\/script>\n<!-- \/ Yoast SEO plugin. -->","yoast_head_json":{"title":"Notre Service de Renouvellement Hypoth\u00e9caire","description":"D\u00e9couvrez comment un renouvellement d'hypoth\u00e8que avec l'\u00e9quipe de courtier hypoth\u00e9caires Distinction","robots":{"index":"index","follow":"follow","max-snippet":"max-snippet:-1","max-image-preview":"max-image-preview:large","max-video-preview":"max-video-preview:-1"},"canonical":"https:\/\/lescourtiershypothecaires.ca\/en\/mortgage-renewal\/","og_locale":"en_US","og_type":"article","og_title":"Notre Service de Renouvellement Hypoth\u00e9caire","og_description":"D\u00e9couvrez comment un renouvellement d'hypoth\u00e8que avec l'\u00e9quipe de courtier hypoth\u00e9caires Distinction","og_url":"https:\/\/lescourtiershypothecaires.ca\/en\/mortgage-renewal\/","og_site_name":"Equipe Prospero | Courtiers hypoth\u00e9caires","article_publisher":"https:\/\/www.facebook.com\/specialistefinancementhypothecaire","article_modified_time":"2023-09-08T22:43:09+00:00","twitter_card":"summary_large_image","twitter_misc":{"Est. reading time":"1 minute"},"schema":{"@context":"https:\/\/schema.org","@graph":[{"@type":"WebPage","@id":"https:\/\/lescourtiershypothecaires.ca\/en\/mortgage-renewal\/","url":"https:\/\/lescourtiershypothecaires.ca\/en\/mortgage-renewal\/","name":"Notre Service de Renouvellement Hypoth\u00e9caire","isPartOf":{"@id":"https:\/\/lescourtiershypothecaires.ca\/en\/#website"},"datePublished":"2022-08-08T22:16:58+00:00","dateModified":"2023-09-08T22:43:09+00:00","description":"D\u00e9couvrez comment un renouvellement d'hypoth\u00e8que avec l'\u00e9quipe de courtier hypoth\u00e9caires Distinction","breadcrumb":{"@id":"https:\/\/lescourtiershypothecaires.ca\/en\/mortgage-renewal\/#breadcrumb"},"inLanguage":"en-US","potentialAction":[{"@type":"ReadAction","target":["https:\/\/lescourtiershypothecaires.ca\/en\/mortgage-renewal\/"]}]},{"@type":"BreadcrumbList","@id":"https:\/\/lescourtiershypothecaires.ca\/en\/mortgage-renewal\/#breadcrumb","itemListElement":[{"@type":"ListItem","position":1,"name":"Accueil","item":"https:\/\/lescourtiershypothecaires.ca\/en\/"},{"@type":"ListItem","position":2,"name":"Mortgage Renewal"}]},{"@type":"WebSite","@id":"https:\/\/lescourtiershypothecaires.ca\/en\/#website","url":"https:\/\/lescourtiershypothecaires.ca\/en\/","name":"Equipe Prospero | Courtiers hypoth\u00e9caires","description":"Notre \u00e9quipe compte plus de 20 courtiers hypoth\u00e9caire Multi-Pr\u00eats dans les r\u00e9gions de Montr\u00e9al, Lanaudi\u00e8re, Laurentides et la rive sud de Montr\u00e9al.","potentialAction":[{"@type":"SearchAction","target":{"@type":"EntryPoint","urlTemplate":"https:\/\/lescourtiershypothecaires.ca\/en\/?s={search_term_string}"},"query-input":{"@type":"PropertyValueSpecification","valueRequired":true,"valueName":"search_term_string"}}],"inLanguage":"en-US"}]}},"_links":{"self":[{"href":"https:\/\/lescourtiershypothecaires.ca\/en\/wp-json\/wp\/v2\/pages\/2377","targetHints":{"allow":["GET"]}}],"collection":[{"href":"https:\/\/lescourtiershypothecaires.ca\/en\/wp-json\/wp\/v2\/pages"}],"about":[{"href":"https:\/\/lescourtiershypothecaires.ca\/en\/wp-json\/wp\/v2\/types\/page"}],"author":[{"embeddable":true,"href":"https:\/\/lescourtiershypothecaires.ca\/en\/wp-json\/wp\/v2\/users\/1"}],"replies":[{"embeddable":true,"href":"https:\/\/lescourtiershypothecaires.ca\/en\/wp-json\/wp\/v2\/comments?post=2377"}],"version-history":[{"count":8,"href":"https:\/\/lescourtiershypothecaires.ca\/en\/wp-json\/wp\/v2\/pages\/2377\/revisions"}],"predecessor-version":[{"id":3038,"href":"https:\/\/lescourtiershypothecaires.ca\/en\/wp-json\/wp\/v2\/pages\/2377\/revisions\/3038"}],"wp:attachment":[{"href":"https:\/\/lescourtiershypothecaires.ca\/en\/wp-json\/wp\/v2\/media?parent=2377"}],"curies":[{"name":"wp","href":"https:\/\/api.w.org\/{rel}","templated":true}]}}