{"id":2375,"date":"2022-08-23T17:49:30","date_gmt":"2022-08-23T21:49:30","guid":{"rendered":"https:\/\/lescourtiershypothecaires.ca\/obtenir-mon-taux\/"},"modified":"2022-12-20T11:13:10","modified_gmt":"2022-12-20T16:13:10","slug":"get-my-rate","status":"publish","type":"page","link":"https:\/\/lescourtiershypothecaires.ca\/en\/get-my-rate\/","title":{"rendered":"Get my rate"},"content":{"rendered":"<p>[vc_row full_width=&#8221;stretch_row&#8221; full_height=&#8221;yes&#8221; columns_placement=&#8221;bottom&#8221; parallax=&#8221;enable_parallax&#8221; enable_content_animation=&#8221;yes&#8221; ca_init_scale_x=&#8221;1&#8243; ca_init_scale_y=&#8221;1&#8243; ca_init_opacity=&#8221;0&#8243; ca_an_scale_x=&#8221;1&#8243; ca_an_scale_y=&#8221;1&#8243; ca_an_opacity=&#8221;1&#8243; bg_position=&#8221;custom&#8221; enable_overlay=&#8221;yes&#8221; css=&#8221;.vc_custom_1661286723075{padding-top: 200px !important;padding-bottom: 50px !important;background-image: url(https:\/\/lescourtiershypothecaires.ca\/wp-content\/uploads\/2022\/08\/building-BG.webp?id=992) !important;}&#8221; responsive_css=&#8221;padding_right_medium:7%25|padding_bottom_medium:15vw|padding_left_medium:7%25&#8243; ca_duration=&#8221;1600&#8243; ca_start_delay=&#8221;850&#8243; ca_delay=&#8221;160&#8243; ca_init_translate_y=&#8221;25&#8243; bg_pos_h=&#8221;80%&#8221; bg_pos_v=&#8221;50%&#8221; overlay_bg=&#8221;rgba(0, 0, 0, 0.74)&#8221;][vc_column]<style>.ld_fancy_heading_69d77c1cb5521 h1{color:rgb(255, 255, 255);}@media (min-width: 1200px) { .ld_fancy_heading_69d77c1cb5521 h1 {padding-top:120px !important;  }  } .ld_fancy_heading_69d77c1cb5521 .lqd-highlight-inner{height:0.275em!important;bottom:0px!important;}@media (min-width: 1200px) { .ld_fancy_heading_69d77c1cb5521 h1 {padding-top:120px !important;  }  } <\/style><div class=\"ld-fancy-heading text-center ld_fancy_heading_69d77c1cb5521\">\n\t<h1 class=\"ld-fh-element lqd-highlight-underline lqd-highlight-grow-left text-decoration-default\"   >  Get my rate<\/h1><\/div><style>.ld_fancy_heading_69d77c1cb5871 h1{color:rgb(255, 255, 255);}.ld_fancy_heading_69d77c1cb5871 h1 {top:0px !important;  } .ld_fancy_heading_69d77c1cb5871 h1 {padding-top:0px !important;  } .ld_fancy_heading_69d77c1cb5871 h1 {margin-top:0px !important;  } .ld_fancy_heading_69d77c1cb5871 .lqd-highlight-inner{height:0.275em!important;bottom:0px!important;}.ld_fancy_heading_69d77c1cb5871 h1 {top:0px !important;  } .ld_fancy_heading_69d77c1cb5871 h1 {padding-top:0px !important;  } .ld_fancy_heading_69d77c1cb5871 h1 {margin-top:0px !important;  } <\/style><div class=\"ld-fancy-heading ld_fancy_heading_69d77c1cb5871\">\n\t<h1 class=\"ld-fh-element lqd-highlight-underline lqd-highlight-grow-left text-decoration-default\"   >  <\/p>\n<h2 style=\"color: #fff\">What can we help you with to get you the lowest rate for your mortgage?<\/h2>\n<div class=\"social-box\">\n<div class=\"container\">\n<div class=\"row\">\n<div class=\"col-lg-4 col-xs-12 text-center\">\n<div class=\"box\" style=\"\/en\/new-mortgage\/\">\n<div class=\"box-title\">\n<h3>New purchase \/ Preapproval<\/h3>\n<\/div>\n<div class=\"box-text\">Looking for the lowest rate on the market for a new purchase<\/div>\n<\/div>\n<\/div>\n<div class=\"col-lg-4 col-xs-12 text-center\">\n<div class=\"box\" style=\"\/en\/mortgage-renewal\/\">\n<div class=\"box-title\">\n<h3>Renewal<\/h3>\n<\/div>\n<div class=\"box-text\">Your mortgage renewal date is approaching. You would like to renew or compare your financial institution\u2019s offer to our offer to get the lowest rate.<\/div>\n<\/div>\n<\/div>\n<div class=\"col-lg-4 col-xs-12 text-center\">\n<div class=\"box\" style=\"\/en\/mortgage-refinancing\/\">\n<div class=\"box-title\">\n<h3>Refinance<\/h3>\n<\/div>\n<div class=\"box-text\">You would like to have a home equity line of credit, reduce your mortgage payments while increasing your cash flow, consolidate your debt or use the top-value of your property to finance a major investment or expense with the best rate on the market.<\/div>\n<\/div>\n<\/div>\n<\/div>\n<\/div>\n<\/div>\n<p><\/h1><\/div>[\/vc_column][\/vc_row][vc_row][vc_column][vc_column_text]<script>\njQuery(document).ready(() => {\njQuery(document).on('click', '.box', (event) => {\ntarget = jQuery(event.currentTarget).attr('style');\nwindow.location.href=target;\n});\n});\n<\/script>[\/vc_column_text][\/vc_column][\/vc_row]<\/p>\n","protected":false},"excerpt":{"rendered":"<p>[vc_row full_width=&#8221;stretch_row&#8221; full_height=&#8221;yes&#8221; columns_placement=&#8221;bottom&#8221; parallax=&#8221;enable_parallax&#8221; enable_content_animation=&#8221;yes&#8221; ca_init_scale_x=&#8221;1&#8243; ca_init_scale_y=&#8221;1&#8243; ca_init_opacity=&#8221;0&#8243; ca_an_scale_x=&#8221;1&#8243; ca_an_scale_y=&#8221;1&#8243; ca_an_opacity=&#8221;1&#8243; bg_position=&#8221;custom&#8221; enable_overlay=&#8221;yes&#8221; css=&#8221;.vc_custom_1661286723075{padding-top: 200px !important;padding-bottom: 50px !important;background-image: url(https:\/\/lescourtiershypothecaires.ca\/wp-content\/uploads\/2022\/08\/building-BG.webp?id=992) !important;}&#8221; responsive_css=&#8221;padding_right_medium:7%25|padding_bottom_medium:15vw|padding_left_medium:7%25&#8243; ca_duration=&#8221;1600&#8243; ca_start_delay=&#8221;850&#8243; ca_delay=&#8221;160&#8243; ca_init_translate_y=&#8221;25&#8243; bg_pos_h=&#8221;80%&#8221; bg_pos_v=&#8221;50%&#8221; overlay_bg=&#8221;rgba(0, 0, 0, 0.74)&#8221;][vc_column][\/vc_column][\/vc_row][vc_row][vc_column][vc_column_text][\/vc_column_text][\/vc_column][\/vc_row]<\/p>\n","protected":false},"author":1,"featured_media":0,"parent":0,"menu_order":2,"comment_status":"closed","ping_status":"closed","template":"","meta":{"footnotes":""},"class_list":["post-2375","page","type-page","status-publish","hentry"],"yoast_head":"<!-- This site is optimized with the Yoast SEO plugin v27.3 - https:\/\/yoast.com\/product\/yoast-seo-wordpress\/ -->\n<title>Get My Mortgage Rate with Team Distinction<\/title>\n<meta name=\"description\" content=\"What can we help you with to get you the lowest rate for your mortgage?\" \/>\n<meta name=\"robots\" content=\"index, follow, max-snippet:-1, max-image-preview:large, max-video-preview:-1\" \/>\n<link rel=\"canonical\" href=\"https:\/\/lescourtiershypothecaires.ca\/en\/get-my-rate\/\" \/>\n<meta property=\"og:locale\" content=\"en_US\" \/>\n<meta property=\"og:type\" content=\"article\" \/>\n<meta property=\"og:title\" content=\"Get My Mortgage Rate with Team Distinction\" \/>\n<meta property=\"og:description\" content=\"What can we help you with to get you the lowest rate for your mortgage?\" \/>\n<meta property=\"og:url\" content=\"https:\/\/lescourtiershypothecaires.ca\/en\/get-my-rate\/\" \/>\n<meta property=\"og:site_name\" content=\"Equipe Prospero | Courtiers hypoth\u00e9caires\" \/>\n<meta property=\"article:publisher\" content=\"https:\/\/www.facebook.com\/specialistefinancementhypothecaire\" \/>\n<meta property=\"article:modified_time\" content=\"2022-12-20T16:13:10+00:00\" \/>\n<meta name=\"twitter:card\" content=\"summary_large_image\" \/>\n<meta name=\"twitter:label1\" content=\"Est. reading time\" \/>\n\t<meta name=\"twitter:data1\" content=\"1 minute\" \/>\n<script type=\"application\/ld+json\" class=\"yoast-schema-graph\">{\"@context\":\"https:\\\/\\\/schema.org\",\"@graph\":[{\"@type\":\"WebPage\",\"@id\":\"https:\\\/\\\/lescourtiershypothecaires.ca\\\/en\\\/get-my-rate\\\/\",\"url\":\"https:\\\/\\\/lescourtiershypothecaires.ca\\\/en\\\/get-my-rate\\\/\",\"name\":\"Get My Mortgage Rate with Team Distinction\",\"isPartOf\":{\"@id\":\"https:\\\/\\\/lescourtiershypothecaires.ca\\\/en\\\/#website\"},\"datePublished\":\"2022-08-23T21:49:30+00:00\",\"dateModified\":\"2022-12-20T16:13:10+00:00\",\"description\":\"What can we help you with to get you the lowest rate for your mortgage?\",\"breadcrumb\":{\"@id\":\"https:\\\/\\\/lescourtiershypothecaires.ca\\\/en\\\/get-my-rate\\\/#breadcrumb\"},\"inLanguage\":\"en-US\",\"potentialAction\":[{\"@type\":\"ReadAction\",\"target\":[\"https:\\\/\\\/lescourtiershypothecaires.ca\\\/en\\\/get-my-rate\\\/\"]}]},{\"@type\":\"BreadcrumbList\",\"@id\":\"https:\\\/\\\/lescourtiershypothecaires.ca\\\/en\\\/get-my-rate\\\/#breadcrumb\",\"itemListElement\":[{\"@type\":\"ListItem\",\"position\":1,\"name\":\"Accueil\",\"item\":\"https:\\\/\\\/lescourtiershypothecaires.ca\\\/en\\\/\"},{\"@type\":\"ListItem\",\"position\":2,\"name\":\"Get my rate\"}]},{\"@type\":\"WebSite\",\"@id\":\"https:\\\/\\\/lescourtiershypothecaires.ca\\\/en\\\/#website\",\"url\":\"https:\\\/\\\/lescourtiershypothecaires.ca\\\/en\\\/\",\"name\":\"Equipe Prospero | Courtiers hypoth\u00e9caires\",\"description\":\"Notre \u00e9quipe compte plus de 20 courtiers hypoth\u00e9caire Multi-Pr\u00eats dans les r\u00e9gions de Montr\u00e9al, Lanaudi\u00e8re, Laurentides et la rive sud de Montr\u00e9al.\",\"potentialAction\":[{\"@type\":\"SearchAction\",\"target\":{\"@type\":\"EntryPoint\",\"urlTemplate\":\"https:\\\/\\\/lescourtiershypothecaires.ca\\\/en\\\/?s={search_term_string}\"},\"query-input\":{\"@type\":\"PropertyValueSpecification\",\"valueRequired\":true,\"valueName\":\"search_term_string\"}}],\"inLanguage\":\"en-US\"}]}<\/script>\n<!-- \/ Yoast SEO plugin. -->","yoast_head_json":{"title":"Get My Mortgage Rate with Team Distinction","description":"What can we help you with to get you the lowest rate for your mortgage?","robots":{"index":"index","follow":"follow","max-snippet":"max-snippet:-1","max-image-preview":"max-image-preview:large","max-video-preview":"max-video-preview:-1"},"canonical":"https:\/\/lescourtiershypothecaires.ca\/en\/get-my-rate\/","og_locale":"en_US","og_type":"article","og_title":"Get My Mortgage Rate with Team Distinction","og_description":"What can we help you with to get you the lowest rate for your mortgage?","og_url":"https:\/\/lescourtiershypothecaires.ca\/en\/get-my-rate\/","og_site_name":"Equipe Prospero | Courtiers hypoth\u00e9caires","article_publisher":"https:\/\/www.facebook.com\/specialistefinancementhypothecaire","article_modified_time":"2022-12-20T16:13:10+00:00","twitter_card":"summary_large_image","twitter_misc":{"Est. reading time":"1 minute"},"schema":{"@context":"https:\/\/schema.org","@graph":[{"@type":"WebPage","@id":"https:\/\/lescourtiershypothecaires.ca\/en\/get-my-rate\/","url":"https:\/\/lescourtiershypothecaires.ca\/en\/get-my-rate\/","name":"Get My Mortgage Rate with Team Distinction","isPartOf":{"@id":"https:\/\/lescourtiershypothecaires.ca\/en\/#website"},"datePublished":"2022-08-23T21:49:30+00:00","dateModified":"2022-12-20T16:13:10+00:00","description":"What can we help you with to get you the lowest rate for your mortgage?","breadcrumb":{"@id":"https:\/\/lescourtiershypothecaires.ca\/en\/get-my-rate\/#breadcrumb"},"inLanguage":"en-US","potentialAction":[{"@type":"ReadAction","target":["https:\/\/lescourtiershypothecaires.ca\/en\/get-my-rate\/"]}]},{"@type":"BreadcrumbList","@id":"https:\/\/lescourtiershypothecaires.ca\/en\/get-my-rate\/#breadcrumb","itemListElement":[{"@type":"ListItem","position":1,"name":"Accueil","item":"https:\/\/lescourtiershypothecaires.ca\/en\/"},{"@type":"ListItem","position":2,"name":"Get my rate"}]},{"@type":"WebSite","@id":"https:\/\/lescourtiershypothecaires.ca\/en\/#website","url":"https:\/\/lescourtiershypothecaires.ca\/en\/","name":"Equipe Prospero | Courtiers hypoth\u00e9caires","description":"Notre \u00e9quipe compte plus de 20 courtiers hypoth\u00e9caire Multi-Pr\u00eats dans les r\u00e9gions de Montr\u00e9al, Lanaudi\u00e8re, Laurentides et la rive sud de Montr\u00e9al.","potentialAction":[{"@type":"SearchAction","target":{"@type":"EntryPoint","urlTemplate":"https:\/\/lescourtiershypothecaires.ca\/en\/?s={search_term_string}"},"query-input":{"@type":"PropertyValueSpecification","valueRequired":true,"valueName":"search_term_string"}}],"inLanguage":"en-US"}]}},"_links":{"self":[{"href":"https:\/\/lescourtiershypothecaires.ca\/en\/wp-json\/wp\/v2\/pages\/2375","targetHints":{"allow":["GET"]}}],"collection":[{"href":"https:\/\/lescourtiershypothecaires.ca\/en\/wp-json\/wp\/v2\/pages"}],"about":[{"href":"https:\/\/lescourtiershypothecaires.ca\/en\/wp-json\/wp\/v2\/types\/page"}],"author":[{"embeddable":true,"href":"https:\/\/lescourtiershypothecaires.ca\/en\/wp-json\/wp\/v2\/users\/1"}],"replies":[{"embeddable":true,"href":"https:\/\/lescourtiershypothecaires.ca\/en\/wp-json\/wp\/v2\/comments?post=2375"}],"version-history":[{"count":4,"href":"https:\/\/lescourtiershypothecaires.ca\/en\/wp-json\/wp\/v2\/pages\/2375\/revisions"}],"predecessor-version":[{"id":2581,"href":"https:\/\/lescourtiershypothecaires.ca\/en\/wp-json\/wp\/v2\/pages\/2375\/revisions\/2581"}],"wp:attachment":[{"href":"https:\/\/lescourtiershypothecaires.ca\/en\/wp-json\/wp\/v2\/media?parent=2375"}],"curies":[{"name":"wp","href":"https:\/\/api.w.org\/{rel}","templated":true}]}}