{"id":2369,"date":"2022-11-10T14:31:56","date_gmt":"2022-11-10T19:31:56","guid":{"rendered":"https:\/\/lescourtiershypothecaires.ca\/politique-de-confidentialite\/"},"modified":"2022-12-07T14:51:40","modified_gmt":"2022-12-07T19:51:40","slug":"privacy-policy","status":"publish","type":"page","link":"https:\/\/lescourtiershypothecaires.ca\/en\/privacy-policy\/","title":{"rendered":"Privacy policy"},"content":{"rendered":"<p>[vc_row responsive_css=&#8221;padding_top_large:100px|padding_bottom_large:100px|padding_top_medium:80px|padding_bottom_medium:80px|padding_top_small:70px|padding_bottom_small:70px&#8221; css=&#8221;.vc_custom_1668111128277{padding-top: 50px !important;padding-bottom: 50px !important;}&#8221;][vc_column][vc_column_text]<\/p>\n<h1 style=\"text-align: center;\">Politique de confidentialit\u00e9<\/h1>\n<p>[\/vc_column_text][\/vc_column][\/vc_row][vc_row responsive_css=&#8221;padding_top_large:50px|padding_bottom_large:50px|padding_top_medium:50px|padding_bottom_medium:50px|padding_top_small:50px|padding_bottom_small:50px&#8221; css=&#8221;.vc_custom_1668111413691{padding-top: 50px !important;padding-bottom: 50px !important;}&#8221;][vc_column][vc_column_text]Cette politique de confidentialit\u00e9 d\u00e9crit comment \u00c9quipe Distiction (collectivement, &#8220;\u00c9quipe Distiction&#8221;, &#8220;nous&#8221;, &#8220;notre&#8221; ou &#8220;notre&#8221;) collecte, utilise et partage vos informations personnelles.<\/p>\n<p>\u00c9quipe Distiction vise \u00e0 prot\u00e9ger votre identit\u00e9 et les informations personnelles que vous partagez avec nous. Cette politique de confidentialit\u00e9 s&#8217;applique aux informations personnelles fournies lorsque vous remplissez tout formulaire de contact sur notre site.<\/p>\n<p>Vous pouvez naviguer sur notre site Web sans nous fournir aucune information personnelle. Cependant, nous collectons des informations personnelles dans les cas suivants :<\/p>\n<ul>\n<li>Lorsque vous envoyez un commentaire ou une question en utilisant le(s) formulaire(s) de contact disponible(s) sur notre site Internet.<\/li>\n<\/ul>\n<p>Nous pouvons traiter les Donn\u00e9es Personnelles dans les conditions suivantes :<\/p>\n<p>Dans tous les cas, \u00c9quipe Distiction \u00a0se fera un plaisir de vous aider \u00e0 clarifier la base juridique sp\u00e9cifique qui s&#8217;applique au traitement, et en particulier si la fourniture de Donn\u00e9es personnelles est une exigence l\u00e9gale ou contractuelle, ou une exigence n\u00e9cessaire pour conclure un contrat.<\/p>\n<ul>\n<li>Pour fournir et maintenir notre service, y compris pour surveiller l&#8217;utilisation de notre service.<\/li>\n<li>Pour g\u00e9rer Votre Compte : pour g\u00e9rer votre inscription en tant qu&#8217;utilisateur du service. Les donn\u00e9es personnelles que vous fournissez peuvent vous donner acc\u00e8s \u00e0 diff\u00e9rentes fonctionnalit\u00e9s du service qui sont \u00e0 votre disposition en tant qu&#8217;utilisateur enregistr\u00e9.<\/li>\n<li>Pour l&#8217;ex\u00e9cution d&#8217;un contrat\u00a0: l&#8217;\u00e9laboration, la conformit\u00e9 et la r\u00e9alisation du contrat d&#8217;achat des produits, articles ou services que vous avez achet\u00e9s ou de tout autre contrat avec nous par le biais du service.<\/li>\n<li>Pour vous contacter\u00a0: pour vous contacter par e-mail, appels t\u00e9l\u00e9phoniques, SMS ou autres formes \u00e9quivalentes de communication \u00e9lectronique, telles que les notifications push d&#8217;une application mobile concernant les mises \u00e0 jour ou les communications informatives relatives aux fonctionnalit\u00e9s, produits ou services sous contrat, y compris les mises \u00e0 jour de s\u00e9curit\u00e9, lorsque cela est n\u00e9cessaire ou raisonnable pour leur mise en \u0153uvre.<\/li>\n<li>Pour vous fournir des actualit\u00e9s, des offres sp\u00e9ciales et des informations g\u00e9n\u00e9rales sur d&#8217;autres biens, services et \u00e9v\u00e9nements que nous proposons et qui sont similaires \u00e0 ceux que vous avez d\u00e9j\u00e0 achet\u00e9s ou demand\u00e9s, sauf si vous avez choisi de ne pas recevoir ces informations.<\/li>\n<li>Pour g\u00e9rer vos demandes\u00a0: pour assister et g\u00e9rer vos demandes que vous nous adressez.<\/li>\n<li>Pour les transferts d&#8217;entreprise\u00a0: nous pouvons utiliser vos informations pour \u00e9valuer ou mener une fusion, une cession, une restructuration, une r\u00e9organisation, une dissolution ou toute autre vente ou transfert de tout ou partie de nos actifs, que ce soit dans le cadre d&#8217;une entreprise en activit\u00e9 ou dans le cadre d&#8217;une faillite, d&#8217;une liquidation, ou proc\u00e9dure similaire, dans laquelle les donn\u00e9es personnelles que nous d\u00e9tenons sur les utilisateurs de nos services font partie des actifs transf\u00e9r\u00e9s.<\/li>\n<li>\u00c0 d&#8217;autres fins : nous pouvons utiliser vos informations \u00e0 d&#8217;autres fins, telles que l&#8217;analyse de donn\u00e9es, l&#8217;identification des tendances d&#8217;utilisation, la d\u00e9termination de l&#8217;efficacit\u00e9 de nos campagnes promotionnelles et pour \u00e9valuer et am\u00e9liorer notre service, nos produits, nos services, notre marketing et votre exp\u00e9rience.<\/li>\n<\/ul>\n<h2>Conservation de vos donn\u00e9es personnelles<\/h2>\n<p>\u00c9quipe Distiction ne conservera vos donn\u00e9es personnelles que le temps n\u00e9cessaire aux fins \u00e9nonc\u00e9es dans la pr\u00e9sente politique de confidentialit\u00e9. Nous conserverons et utiliserons vos donn\u00e9es personnelles dans la mesure n\u00e9cessaire pour nous conformer \u00e0 nos obligations l\u00e9gales (par exemple, si nous sommes tenus de conserver vos donn\u00e9es pour nous conformer aux lois applicables), r\u00e9soudre les litiges et appliquer nos accords et politiques juridiques.<\/p>\n<p>\u00c9quipe Distiction conservera \u00e9galement les donn\u00e9es d&#8217;utilisation \u00e0 des fins d&#8217;analyse interne. Les donn\u00e9es d&#8217;utilisation sont g\u00e9n\u00e9ralement conserv\u00e9es pendant une p\u00e9riode plus courte, sauf lorsque ces donn\u00e9es sont utilis\u00e9es pour renforcer la s\u00e9curit\u00e9 ou pour am\u00e9liorer la fonctionnalit\u00e9 de notre service, ou lorsque nous sommes l\u00e9galement tenus de conserver ces donn\u00e9es pendant des p\u00e9riodes plus longues.<\/p>\n<h2>Transfert de vos donn\u00e9es personnelles<\/h2>\n<p>Vos informations, y compris les donn\u00e9es personnelles, sont trait\u00e9es dans les bureaux d&#8217;exploitation de \u00c9quipe Distiction \u00a0et dans tout autre lieu o\u00f9 se trouvent les parties impliqu\u00e9es dans le traitement. Cela signifie que ces informations peuvent \u00eatre transf\u00e9r\u00e9es et conserv\u00e9es sur des ordinateurs situ\u00e9s en dehors de votre \u00e9tat, province, pays ou autre juridiction gouvernementale o\u00f9 les lois sur la protection des donn\u00e9es peuvent diff\u00e9rer de celles de votre juridiction.<\/p>\n<p>Votre consentement \u00e0 cette politique de confidentialit\u00e9 suivi de votre soumission de ces informations repr\u00e9sente votre accord \u00e0 ce transfert.<\/p>\n<p>\u00c9quipe Distiction prendra toutes les mesures raisonnablement n\u00e9cessaires pour garantir que vos donn\u00e9es sont trait\u00e9es en toute s\u00e9curit\u00e9 et conform\u00e9ment \u00e0 la pr\u00e9sente politique de confidentialit\u00e9 et aucun transfert de vos donn\u00e9es personnelles n&#8217;aura lieu vers une organisation ou un pays \u00e0 moins que des contr\u00f4les ad\u00e9quats ne soient en place, y compris la s\u00e9curit\u00e9 de Vos donn\u00e9es et autres informations personnelles.<\/p>\n<h2>Divulgation de vos donn\u00e9es personnelles<\/h2>\n<h3>Transactions commerciales<\/h3>\n<p>Si \u00c9quipe Distiction \u00a0est impliqu\u00e9e dans une fusion, une acquisition ou une vente d&#8217;actifs, Vos Donn\u00e9es Personnelles peuvent \u00eatre transf\u00e9r\u00e9es. Nous vous aviserons avant que vos donn\u00e9es personnelles ne soient transf\u00e9r\u00e9es et soumises \u00e0 une politique de confidentialit\u00e9 diff\u00e9rente.<\/p>\n<h3>Forces de l&#8217;ordre<\/h3>\n<p>Dans certaines circonstances, \u00c9quipe Distiction \u00a0peut \u00eatre tenue de divulguer vos donn\u00e9es personnelles si la loi l&#8217;exige ou en r\u00e9ponse \u00e0 des demandes valables d&#8217;autorit\u00e9s publiques (par exemple, un tribunal ou une agence gouvernementale).<\/p>\n<h3>Autres exigences l\u00e9gales<\/h3>\n<p>\u00c9quipe Distiction peut divulguer vos donn\u00e9es personnelles en croyant de bonne foi qu&#8217;une telle action est n\u00e9cessaire pour :<\/p>\n<ul>\n<li>Se conformer \u00e0 une obligation l\u00e9gale<\/li>\n<li>Prot\u00e9ger et d\u00e9fendre les droits ou la propri\u00e9t\u00e9 de \u00c9quipe Distiction<\/li>\n<li>Pr\u00e9venir ou enqu\u00eater sur d&#8217;\u00e9ventuels actes r\u00e9pr\u00e9hensibles en relation avec le service<\/li>\n<li>Prot\u00e9ger la s\u00e9curit\u00e9 personnelle des Utilisateurs du service ou du public<\/li>\n<li>Prot\u00e9ger contre la responsabilit\u00e9 l\u00e9gale<\/li>\n<\/ul>\n<h2>S\u00e9curit\u00e9 de Vos Donn\u00e9es Personnelles<\/h2>\n<p>La s\u00e9curit\u00e9 de vos donn\u00e9es personnelles est importante pour nous, mais rappelez-vous qu&#8217;aucune m\u00e9thode de transmission sur Internet ou m\u00e9thode de stockage \u00e9lectronique n&#8217;est s\u00e9curis\u00e9e \u00e0 100 %. Bien que nous nous efforcions d&#8217;utiliser des moyens commercialement acceptables pour prot\u00e9ger vos donn\u00e9es personnelles, nous ne pouvons garantir leur s\u00e9curit\u00e9 absolue.<\/p>\n<p><strong>\u00a0<\/strong>Informations d\u00e9taill\u00e9es sur le traitement de vos donn\u00e9es personnelles<\/p>\n<p>Les Prestataires de services que nous utilisons peuvent avoir acc\u00e8s \u00e0 vos donn\u00e9es personnelles. Ces fournisseurs tiers collectent, stockent, utilisent, traitent et transf\u00e8rent des informations sur votre activit\u00e9 sur notre service conform\u00e9ment \u00e0 leurs politiques de confidentialit\u00e9.<\/p>\n<h3>Analyses<\/h3>\n<p>Nous pouvons faire appel \u00e0 des fournisseurs de services tiers pour surveiller et analyser l&#8217;utilisation de notre service.<\/p>\n<ul>\n<li>Google<\/li>\n<li>CallRail<\/li>\n<li>Meta<\/li>\n<li>Tiktok<\/li>\n<\/ul>\n<h3>Marketing par e-mail<\/h3>\n<p>Nous pouvons utiliser vos donn\u00e9es personnelles pour vous contacter avec des newsletters, du mat\u00e9riel marketing ou promotionnel et d&#8217;autres informations susceptibles de vous int\u00e9resser. Vous pouvez refuser de recevoir tout ou partie de ces communications de notre part en suivant le lien de d\u00e9sabonnement ou les instructions fournies dans tout e-mail que nous envoyons ou en nous contactant.<\/p>\n<h2>Vos droits<\/h2>\n<p>\u00c9quipe Distiction s&#8217;engage \u00e0 respecter la confidentialit\u00e9 de Vos Donn\u00e9es Personnelles et \u00e0 Vous garantir l&#8217;exercice de Vos droits.<\/p>\n<p>Vous avez le droit, en vertu de la pr\u00e9sente politique de confidentialit\u00e9 et de la loi\u00a0:<\/p>\n<ul>\n<li><strong>Demander l&#8217;acc\u00e8s \u00e0 vos Donn\u00e9es Personnelles<\/strong>. Le droit d&#8217;acc\u00e9der, de mettre \u00e0 jour ou de supprimer les informations que nous avons sur vous. Chaque fois que cela est possible, vous pouvez acc\u00e9der, mettre \u00e0 jour ou demander la suppression de vos donn\u00e9es personnelles directement dans la section des param\u00e8tres de votre compte. Si vous n&#8217;\u00eates pas en mesure d&#8217;effectuer ces actions vous-m\u00eame, veuillez nous contacter pour vous aider. Cela vous permet \u00e9galement de recevoir une copie des donn\u00e9es personnelles que nous d\u00e9tenons \u00e0 votre sujet.<\/li>\n<li><strong>Demander la correction des Donn\u00e9es Personnelles que nous d\u00e9tenons \u00e0 votre sujet<\/strong>. Vous avez le droit de faire corriger toute information incompl\u00e8te ou inexacte que nous d\u00e9tenons \u00e0 votre sujet.<\/li>\n<li><strong>S&#8217;opposer au traitement de vos Donn\u00e9es Personnelles<\/strong>. Ce droit existe lorsque nous nous appuyons sur un int\u00e9r\u00eat l\u00e9gitime comme base juridique pour notre traitement et qu&#8217;il existe quelque chose dans votre situation particuli\u00e8re qui vous donne envie de vous opposer \u00e0 notre traitement de vos donn\u00e9es personnelles pour ce motif. Vous avez \u00e9galement le droit de vous opposer lorsque nous traitons vos donn\u00e9es personnelles \u00e0 des fins de marketing direct.<\/li>\n<li><strong>Demander l&#8217;effacement de vos Donn\u00e9es Personnelles<\/strong>. Vous avez le droit de nous demander de supprimer ou de supprimer des donn\u00e9es personnelles lorsqu&#8217;il n&#8217;y a aucune raison valable pour nous de continuer \u00e0 les traiter.<\/li>\n<li><strong>Demander le transfert de Vos Donn\u00e9es Personnelles<\/strong>. Nous vous fournirons, \u00e0 vous ou \u00e0 un tiers que vous avez choisi, vos donn\u00e9es personnelles dans un format structur\u00e9, couramment utilis\u00e9 et lisible par machine. Veuillez noter que ce droit ne s&#8217;applique qu&#8217;aux informations automatis\u00e9es que vous nous avez initialement autoris\u00e9es \u00e0 utiliser ou lorsque nous avons utilis\u00e9 les informations pour ex\u00e9cuter un contrat avec vous.<\/li>\n<li><strong>Retirer votre consentement.<\/strong> Vous avez le droit de retirer votre consentement \u00e0 l&#8217;utilisation de vos donn\u00e9es personnelles. Si vous retirez votre consentement, nous pourrions ne pas \u00eatre en mesure de vous donner acc\u00e8s \u00e0 certaines fonctionnalit\u00e9s sp\u00e9cifiques du service.<\/li>\n<\/ul>\n<h2>Liens vers d&#8217;autres sites Web<\/h2>\n<p>Notre service peut contenir des liens vers d&#8217;autres sites Web qui ne sont pas exploit\u00e9s par nous. Si vous cliquez sur un lien tiers, vous serez dirig\u00e9 vers le site de ce tiers. Nous vous conseillons vivement de consulter la politique de confidentialit\u00e9 de chaque site que vous visitez.<\/p>\n<p>Nous n&#8217;avons aucun contr\u00f4le et n&#8217;assumons aucune responsabilit\u00e9 quant au contenu, aux politiques de confidentialit\u00e9 ou aux pratiques des sites ou services tiers.<\/p>\n<p>\u00c9quipe Distiction<\/p>\n<p>Adresse : 3737 cr\u00e9mazie est, suite 502, Montr\u00e9al, QC.<\/p>\n<p>T\u00e9l\u00e9phone : 514-876-6170<\/p>\n<p>Courriel : <span data-slate-fragment=\"JTVCJTdCJTIydHlwZSUyMiUzQSUyMnBhcmFncmFwaCUyMiUyQyUyMmNoaWxkcmVuJTIyJTNBJTVCJTdCJTIydGV4dCUyMiUzQSUyMmVxdWlwZWRpc3RpbmN0aW9uJTQwbXVsdGktcHJldHMuY2ElMjIlN0QlNUQlN0QlNUQ=\">equipedistinction@multi-prets.ca<\/span>[\/vc_column_text][\/vc_column][\/vc_row]<\/p>\n","protected":false},"excerpt":{"rendered":"<p>[vc_row responsive_css=&#8221;padding_top_large:100px|padding_bottom_large:100px|padding_top_medium:80px|padding_bottom_medium:80px|padding_top_small:70px|padding_bottom_small:70px&#8221; css=&#8221;.vc_custom_1668111128277{padding-top: 50px !important;padding-bottom: 50px !important;}&#8221;][vc_column][vc_column_text] Politique de confidentialit\u00e9 [\/vc_column_text][\/vc_column][\/vc_row][vc_row responsive_css=&#8221;padding_top_large:50px|padding_bottom_large:50px|padding_top_medium:50px|padding_bottom_medium:50px|padding_top_small:50px|padding_bottom_small:50px&#8221; css=&#8221;.vc_custom_1668111413691{padding-top: 50px !important;padding-bottom: 50px !important;}&#8221;][vc_column][vc_column_text]Cette politique de confidentialit\u00e9 d\u00e9crit comment \u00c9quipe Distiction (collectivement, &#8220;\u00c9quipe Distiction&#8221;, &#8220;nous&#8221;, &#8220;notre&#8221; ou &#8220;notre&#8221;) collecte, utilise et partage vos informations personnelles. \u00c9quipe Distiction vise \u00e0 prot\u00e9ger votre identit\u00e9 et les informations personnelles que vous partagez avec nous. Cette [&hellip;]<\/p>\n","protected":false},"author":4,"featured_media":0,"parent":0,"menu_order":0,"comment_status":"closed","ping_status":"closed","template":"","meta":{"footnotes":""},"class_list":["post-2369","page","type-page","status-publish","hentry"],"yoast_head":"<!-- This site is optimized with the Yoast SEO plugin v27.6 - https:\/\/yoast.com\/product\/yoast-seo-wordpress\/ -->\n<title>Privacy policy - Equipe Prospero | Courtiers hypoth\u00e9caires<\/title>\n<meta name=\"robots\" content=\"index, follow, max-snippet:-1, max-image-preview:large, max-video-preview:-1\" \/>\n<link rel=\"canonical\" href=\"https:\/\/lescourtiershypothecaires.ca\/en\/privacy-policy\/\" \/>\n<meta property=\"og:locale\" content=\"en_US\" \/>\n<meta property=\"og:type\" content=\"article\" \/>\n<meta property=\"og:title\" content=\"Privacy policy - Equipe Prospero | Courtiers hypoth\u00e9caires\" \/>\n<meta property=\"og:description\" content=\"[vc_row responsive_css=&#8221;padding_top_large:100px|padding_bottom_large:100px|padding_top_medium:80px|padding_bottom_medium:80px|padding_top_small:70px|padding_bottom_small:70px&#8221; css=&#8221;.vc_custom_1668111128277{padding-top: 50px !important;padding-bottom: 50px !important;}&#8221;][vc_column][vc_column_text] Politique de confidentialit\u00e9 [\/vc_column_text][\/vc_column][\/vc_row][vc_row responsive_css=&#8221;padding_top_large:50px|padding_bottom_large:50px|padding_top_medium:50px|padding_bottom_medium:50px|padding_top_small:50px|padding_bottom_small:50px&#8221; css=&#8221;.vc_custom_1668111413691{padding-top: 50px !important;padding-bottom: 50px !important;}&#8221;][vc_column][vc_column_text]Cette politique de confidentialit\u00e9 d\u00e9crit comment \u00c9quipe Distiction (collectivement, &#8220;\u00c9quipe Distiction&#8221;, &#8220;nous&#8221;, &#8220;notre&#8221; ou &#8220;notre&#8221;) collecte, utilise et partage vos informations personnelles. \u00c9quipe Distiction vise \u00e0 prot\u00e9ger votre identit\u00e9 et les informations personnelles que vous partagez avec nous. Cette [&hellip;]\" \/>\n<meta property=\"og:url\" content=\"https:\/\/lescourtiershypothecaires.ca\/en\/privacy-policy\/\" \/>\n<meta property=\"og:site_name\" content=\"Equipe Prospero | Courtiers hypoth\u00e9caires\" \/>\n<meta property=\"article:publisher\" content=\"https:\/\/www.facebook.com\/specialistefinancementhypothecaire\" \/>\n<meta property=\"article:modified_time\" content=\"2022-12-07T19:51:40+00:00\" \/>\n<meta name=\"twitter:card\" content=\"summary_large_image\" \/>\n<meta name=\"twitter:label1\" content=\"Est. reading time\" \/>\n\t<meta name=\"twitter:data1\" content=\"9 minutes\" \/>\n<script type=\"application\/ld+json\" class=\"yoast-schema-graph\">{\"@context\":\"https:\\\/\\\/schema.org\",\"@graph\":[{\"@type\":\"WebPage\",\"@id\":\"https:\\\/\\\/lescourtiershypothecaires.ca\\\/en\\\/privacy-policy\\\/\",\"url\":\"https:\\\/\\\/lescourtiershypothecaires.ca\\\/en\\\/privacy-policy\\\/\",\"name\":\"Privacy policy - Equipe Prospero | Courtiers hypoth\u00e9caires\",\"isPartOf\":{\"@id\":\"https:\\\/\\\/lescourtiershypothecaires.ca\\\/en\\\/#website\"},\"datePublished\":\"2022-11-10T19:31:56+00:00\",\"dateModified\":\"2022-12-07T19:51:40+00:00\",\"breadcrumb\":{\"@id\":\"https:\\\/\\\/lescourtiershypothecaires.ca\\\/en\\\/privacy-policy\\\/#breadcrumb\"},\"inLanguage\":\"en-US\",\"potentialAction\":[{\"@type\":\"ReadAction\",\"target\":[\"https:\\\/\\\/lescourtiershypothecaires.ca\\\/en\\\/privacy-policy\\\/\"]}]},{\"@type\":\"BreadcrumbList\",\"@id\":\"https:\\\/\\\/lescourtiershypothecaires.ca\\\/en\\\/privacy-policy\\\/#breadcrumb\",\"itemListElement\":[{\"@type\":\"ListItem\",\"position\":1,\"name\":\"Accueil\",\"item\":\"https:\\\/\\\/lescourtiershypothecaires.ca\\\/en\\\/\"},{\"@type\":\"ListItem\",\"position\":2,\"name\":\"Privacy policy\"}]},{\"@type\":\"WebSite\",\"@id\":\"https:\\\/\\\/lescourtiershypothecaires.ca\\\/en\\\/#website\",\"url\":\"https:\\\/\\\/lescourtiershypothecaires.ca\\\/en\\\/\",\"name\":\"Equipe Prospero | Courtiers hypoth\u00e9caires\",\"description\":\"Notre \u00e9quipe compte plus de 20 courtiers hypoth\u00e9caire Multi-Pr\u00eats dans les r\u00e9gions de Montr\u00e9al, Lanaudi\u00e8re, Laurentides et la rive sud de Montr\u00e9al.\",\"potentialAction\":[{\"@type\":\"SearchAction\",\"target\":{\"@type\":\"EntryPoint\",\"urlTemplate\":\"https:\\\/\\\/lescourtiershypothecaires.ca\\\/en\\\/?s={search_term_string}\"},\"query-input\":{\"@type\":\"PropertyValueSpecification\",\"valueRequired\":true,\"valueName\":\"search_term_string\"}}],\"inLanguage\":\"en-US\"}]}<\/script>\n<!-- \/ Yoast SEO plugin. -->","yoast_head_json":{"title":"Privacy policy - Equipe Prospero | Courtiers hypoth\u00e9caires","robots":{"index":"index","follow":"follow","max-snippet":"max-snippet:-1","max-image-preview":"max-image-preview:large","max-video-preview":"max-video-preview:-1"},"canonical":"https:\/\/lescourtiershypothecaires.ca\/en\/privacy-policy\/","og_locale":"en_US","og_type":"article","og_title":"Privacy policy - Equipe Prospero | Courtiers hypoth\u00e9caires","og_description":"[vc_row responsive_css=&#8221;padding_top_large:100px|padding_bottom_large:100px|padding_top_medium:80px|padding_bottom_medium:80px|padding_top_small:70px|padding_bottom_small:70px&#8221; css=&#8221;.vc_custom_1668111128277{padding-top: 50px !important;padding-bottom: 50px !important;}&#8221;][vc_column][vc_column_text] Politique de confidentialit\u00e9 [\/vc_column_text][\/vc_column][\/vc_row][vc_row responsive_css=&#8221;padding_top_large:50px|padding_bottom_large:50px|padding_top_medium:50px|padding_bottom_medium:50px|padding_top_small:50px|padding_bottom_small:50px&#8221; css=&#8221;.vc_custom_1668111413691{padding-top: 50px !important;padding-bottom: 50px !important;}&#8221;][vc_column][vc_column_text]Cette politique de confidentialit\u00e9 d\u00e9crit comment \u00c9quipe Distiction (collectivement, &#8220;\u00c9quipe Distiction&#8221;, &#8220;nous&#8221;, &#8220;notre&#8221; ou &#8220;notre&#8221;) collecte, utilise et partage vos informations personnelles. \u00c9quipe Distiction vise \u00e0 prot\u00e9ger votre identit\u00e9 et les informations personnelles que vous partagez avec nous. Cette [&hellip;]","og_url":"https:\/\/lescourtiershypothecaires.ca\/en\/privacy-policy\/","og_site_name":"Equipe Prospero | Courtiers hypoth\u00e9caires","article_publisher":"https:\/\/www.facebook.com\/specialistefinancementhypothecaire","article_modified_time":"2022-12-07T19:51:40+00:00","twitter_card":"summary_large_image","twitter_misc":{"Est. reading time":"9 minutes"},"schema":{"@context":"https:\/\/schema.org","@graph":[{"@type":"WebPage","@id":"https:\/\/lescourtiershypothecaires.ca\/en\/privacy-policy\/","url":"https:\/\/lescourtiershypothecaires.ca\/en\/privacy-policy\/","name":"Privacy policy - Equipe Prospero | Courtiers hypoth\u00e9caires","isPartOf":{"@id":"https:\/\/lescourtiershypothecaires.ca\/en\/#website"},"datePublished":"2022-11-10T19:31:56+00:00","dateModified":"2022-12-07T19:51:40+00:00","breadcrumb":{"@id":"https:\/\/lescourtiershypothecaires.ca\/en\/privacy-policy\/#breadcrumb"},"inLanguage":"en-US","potentialAction":[{"@type":"ReadAction","target":["https:\/\/lescourtiershypothecaires.ca\/en\/privacy-policy\/"]}]},{"@type":"BreadcrumbList","@id":"https:\/\/lescourtiershypothecaires.ca\/en\/privacy-policy\/#breadcrumb","itemListElement":[{"@type":"ListItem","position":1,"name":"Accueil","item":"https:\/\/lescourtiershypothecaires.ca\/en\/"},{"@type":"ListItem","position":2,"name":"Privacy policy"}]},{"@type":"WebSite","@id":"https:\/\/lescourtiershypothecaires.ca\/en\/#website","url":"https:\/\/lescourtiershypothecaires.ca\/en\/","name":"Equipe Prospero | Courtiers hypoth\u00e9caires","description":"Notre \u00e9quipe compte plus de 20 courtiers hypoth\u00e9caire Multi-Pr\u00eats dans les r\u00e9gions de Montr\u00e9al, Lanaudi\u00e8re, Laurentides et la rive sud de Montr\u00e9al.","potentialAction":[{"@type":"SearchAction","target":{"@type":"EntryPoint","urlTemplate":"https:\/\/lescourtiershypothecaires.ca\/en\/?s={search_term_string}"},"query-input":{"@type":"PropertyValueSpecification","valueRequired":true,"valueName":"search_term_string"}}],"inLanguage":"en-US"}]}},"_links":{"self":[{"href":"https:\/\/lescourtiershypothecaires.ca\/en\/wp-json\/wp\/v2\/pages\/2369","targetHints":{"allow":["GET"]}}],"collection":[{"href":"https:\/\/lescourtiershypothecaires.ca\/en\/wp-json\/wp\/v2\/pages"}],"about":[{"href":"https:\/\/lescourtiershypothecaires.ca\/en\/wp-json\/wp\/v2\/types\/page"}],"author":[{"embeddable":true,"href":"https:\/\/lescourtiershypothecaires.ca\/en\/wp-json\/wp\/v2\/users\/4"}],"replies":[{"embeddable":true,"href":"https:\/\/lescourtiershypothecaires.ca\/en\/wp-json\/wp\/v2\/comments?post=2369"}],"version-history":[{"count":2,"href":"https:\/\/lescourtiershypothecaires.ca\/en\/wp-json\/wp\/v2\/pages\/2369\/revisions"}],"predecessor-version":[{"id":2522,"href":"https:\/\/lescourtiershypothecaires.ca\/en\/wp-json\/wp\/v2\/pages\/2369\/revisions\/2522"}],"wp:attachment":[{"href":"https:\/\/lescourtiershypothecaires.ca\/en\/wp-json\/wp\/v2\/media?parent=2369"}],"curies":[{"name":"wp","href":"https:\/\/api.w.org\/{rel}","templated":true}]}}